{"id":2,"date":"2019-12-11T20:38:06","date_gmt":"2019-12-11T19:38:06","guid":{"rendered":"https:\/\/bluegreencitylab.se\/?page_id=2"},"modified":"2023-10-05T10:35:41","modified_gmt":"2023-10-05T08:35:41","slug":"exempelsida","status":"publish","type":"page","link":"https:\/\/bgcl.greenroof.se\/en\/","title":{"rendered":"Start"},"content":{"rendered":"<h1>\n\t\tIBGL &#8211; \u00d6kad implementering av funktionella bl\u00e5-gr\u00f6na l\u00f6sningar i den h\u00e5llbara staden\n\t<\/h1>\n\t<p>Identified solutions and market overview. Improved knowledge dissemination. Increased installation of blue-green solutions.  Greener and healthier cities with the ability to resist climate extremes. That is the aim for the project Increased implementation of functional blue-green solutions in the sustainable city.<\/p>\n\t\t\t<a href=\"https:\/\/demo.bluegreencitylab.se\" target=\"_blank\" role=\"button\" rel=\"noopener\">\n\t\t\t\t\t\t\tBl\u00e5gr\u00f6na Systemguiden\n\t\t\t\t\t<\/a>\n\t\t\t\t<a href=\"https:\/\/bit.ly\/3sTzBLq\" target=\"_blank\" rel=\"noopener\" itemprop=\"url\">\n\t\t\t\t<img loading=\"lazy\" decoding=\"async\" src=\"https:\/\/bluegreencitylab.se\/wp-content\/uploads\/ibgl_slutevent-1024x781.png\" alt=\"ibgl_slutevent\" itemprop=\"image\" height=\"781\" width=\"1024\" title=\"ibgl_slutevent\" onerror=\"this.style.display='none'\"  \/>\n\t\t\t\t<\/a>\n\t<p>Blue Green City Lab arrangerar ett f\u00f6rmiddagsseminarium med fokus p\u00e5 hur du som fastighets\u00e4gare kan implementera bl\u00e5gr\u00f6na l\u00f6sningar.<\/p>\n\t\t\t<a href=\"https:\/\/bit.ly\/3sTzBLq\" target=\"_blank\" role=\"button\" rel=\"noopener nofollow\">\n\t\t\t\t\t\t\tAnm\u00e4lan\n\t\t\t\t\t<\/a>\n<h3>\n\t\tOur partners\n\t<\/h3>\n\t\t\t\t<a href=\"https:\/\/greenroof.se\/\" target=\"_blank\" rel=\"noopener nofollow\" itemprop=\"url\">\n\t\t\t\t<img loading=\"lazy\" decoding=\"async\" src=\"https:\/\/bluegreencitylab.se\/wp-content\/uploads\/2020\/02\/proto.png\" alt=\"proto\" itemprop=\"image\" height=\"317\" width=\"918\" title=\"proto\" onerror=\"this.style.display='none'\"  \/>\n\t\t\t\t<\/a>\n\t\t\t\t<a href=\"https:\/\/www.sbhub.se\/\" target=\"_blank\" rel=\"noopener nofollow\" itemprop=\"url\">\n\t\t\t\t<img loading=\"lazy\" decoding=\"async\" src=\"https:\/\/bluegreencitylab.se\/wp-content\/uploads\/2019\/11\/SBHUB_LOGOTYPE_COLBLACK_RGB-300x97.png\" alt=\"SBHUB_LOGOTYPE_COLBLACK_RGB-300x97\" itemprop=\"image\" height=\"97\" width=\"300\" title=\"SBHUB_LOGOTYPE_COLBLACK_RGB-300x97\" onerror=\"this.style.display='none'\"  \/>\n\t\t\t\t<\/a>\n\t\t\t\t<a href=\"https:\/\/www.ivl.se\/\" target=\"_blank\" rel=\"noopener nofollow\" itemprop=\"url\">\n\t\t\t\t<img loading=\"lazy\" decoding=\"async\" src=\"https:\/\/bluegreencitylab.se\/wp-content\/uploads\/2019\/12\/ivl.png\" alt=\"ivl\" itemprop=\"image\" height=\"124\" width=\"168\" title=\"ivl\" onerror=\"this.style.display='none'\"  \/>\n\t\t\t\t<\/a>\n\t\t\t\t<a href=\"https:\/\/www.slu.se\/\" target=\"_blank\" rel=\"noopener nofollow\" itemprop=\"url\">\n\t\t\t\t<img loading=\"lazy\" decoding=\"async\" src=\"https:\/\/bluegreencitylab.se\/wp-content\/uploads\/2019\/11\/slu_Logo_rgb-300x300.png\" alt=\"slu_Logo_rgb-300x300\" itemprop=\"image\" height=\"300\" width=\"300\" title=\"slu_Logo_rgb-300x300\" onerror=\"this.style.display='none'\"  \/>\n\t\t\t\t<\/a>\n\t\t\t\t<a href=\"https:\/\/vasyd.se\/\" target=\"_blank\" rel=\"noopener nofollow\" itemprop=\"url\">\n\t\t\t\t<img loading=\"lazy\" decoding=\"async\" src=\"https:\/\/bluegreencitylab.se\/wp-content\/uploads\/vasyd_logo.png\" alt=\"vasyd_logo\" itemprop=\"image\" height=\"88\" width=\"264\" title=\"vasyd_logo\" onerror=\"this.style.display='none'\"  \/>\n\t\t\t\t<\/a>\n<h3>\n\t\tProjektet finansieras delvis av Vinnova &#038; Region Sk\u00e5ne\n\t<\/h3>\n\t\t\t\t<a href=\"https:\/\/www.skane.se\" target=\"_blank\" rel=\"noopener nofollow\" itemprop=\"url\">\n\t\t\t\t<img loading=\"lazy\" decoding=\"async\" src=\"https:\/\/bluegreencitylab.se\/wp-content\/uploads\/rs_webb-300x277.jpg\" alt=\"rs_webb\" itemprop=\"image\" height=\"277\" width=\"300\" title=\"rs_webb\" onerror=\"this.style.display='none'\"  \/>\n\t\t\t\t<\/a>\n\t\t\t\t<a href=\"https:\/\/www.vinnova.se\/\" target=\"_blank\" rel=\"noopener nofollow\" itemprop=\"url\">\n\t\t\t\t<img loading=\"lazy\" decoding=\"async\" src=\"https:\/\/bluegreencitylab.se\/wp-content\/uploads\/2019\/12\/Vinnova_green_payoff_RGB.png\" alt=\"Vinnova_green_payoff_RGB\" itemprop=\"image\" height=\"130\" width=\"603\" title=\"Vinnova_green_payoff_RGB\" onerror=\"this.style.display='none'\"  \/>\n\t\t\t\t<\/a>","protected":false},"excerpt":{"rendered":"<p>IBGL &#8211; \u00d6kad implementering av funktionella bl\u00e5-gr\u00f6na l\u00f6sningar i den h\u00e5llbara staden Fler identifierade bl\u00e5gr\u00f6na l\u00f6sningar. Fler som k\u00e4nner till dem. Fler som installerar dem. Gr\u00f6nare och mer h\u00e4lsosamma st\u00e4der med f\u00f6rm\u00e5ga att st\u00e5 emot klimatextremer. Det vill Blue Green City Lab uppn\u00e5 med projektet \u00d6kad implementering av funktionella bl\u00e5gr\u00f6na l\u00f6sningar i den h\u00e5llbara staden.&hellip;<\/p>","protected":false},"author":1,"featured_media":0,"parent":0,"menu_order":0,"comment_status":"closed","ping_status":"open","template":"","meta":{"footnotes":""},"class_list":["post-2","page","type-page","status-publish","hentry"],"_links":{"self":[{"href":"https:\/\/bgcl.greenroof.se\/en\/wp-json\/wp\/v2\/pages\/2","targetHints":{"allow":["GET"]}}],"collection":[{"href":"https:\/\/bgcl.greenroof.se\/en\/wp-json\/wp\/v2\/pages"}],"about":[{"href":"https:\/\/bgcl.greenroof.se\/en\/wp-json\/wp\/v2\/types\/page"}],"author":[{"embeddable":true,"href":"https:\/\/bgcl.greenroof.se\/en\/wp-json\/wp\/v2\/users\/1"}],"replies":[{"embeddable":true,"href":"https:\/\/bgcl.greenroof.se\/en\/wp-json\/wp\/v2\/comments?post=2"}],"version-history":[{"count":155,"href":"https:\/\/bgcl.greenroof.se\/en\/wp-json\/wp\/v2\/pages\/2\/revisions"}],"predecessor-version":[{"id":986,"href":"https:\/\/bgcl.greenroof.se\/en\/wp-json\/wp\/v2\/pages\/2\/revisions\/986"}],"wp:attachment":[{"href":"https:\/\/bgcl.greenroof.se\/en\/wp-json\/wp\/v2\/media?parent=2"}],"curies":[{"name":"wp","href":"https:\/\/api.w.org\/{rel}","templated":true}]}}