{"id":32,"date":"2018-11-10T00:31:33","date_gmt":"2018-11-09T23:31:33","guid":{"rendered":"https:\/\/bluegreencitylab.se\/?page_id=32"},"modified":"2022-11-20T19:18:42","modified_gmt":"2022-11-20T18:18:42","slug":"om-projektet","status":"publish","type":"page","link":"https:\/\/bgcl.greenroof.se\/en\/om-projektet\/","title":{"rendered":"About the project"},"content":{"rendered":"<h1>\n\t\tBlue Green City Lab\n\t<\/h1>\n<h2>\n\t\tBackground\n\t<\/h2>\n\t2017 startade ett samarbete mellan Malm\u00f6 stad, Scandinavian Green Roof Institute, SLU,<br \/>\nIVL Svenska Milj\u00f6institutet, MKB och Sustainable Business Hub med m\u00e5let att skapa en<br \/>\ntestb\u00e4dd f\u00f6r bl\u00e5gr\u00f6na l\u00f6sningar. Efter fem \u00e5r \u00e4r nu Blue Green City Lab ett etablerat<br \/>\npartnerskap, med ett flertal testcase ig\u00e5ng. Tillsammans med VA SYD forts\u00e4tter vi<br \/>\nsamarbetet f\u00f6r att sprida kunskap i fr\u00e5gorna och f\u00e5 fler installerade l\u00f6sningar i st\u00e4derna.\n<h2>\n\t\tAbout us\n\t<\/h2>\n\tProjektet \u00d6kad implementering av funktionella bl\u00e5gr\u00f6na l\u00f6sningar i den h\u00e5llbara staden<br \/>\ndrivs av Sustainable Business Hub, Scandinavian Green Roof Institute, SLU, IVL Svenska<br \/>\nMilj\u00f6institutet och VA SYD. I projektet fokuserar vi p\u00e5 att identifiera vilka bl\u00e5gr\u00f6na<br \/>\nl\u00f6sningar som finns p\u00e5 marknaden, b\u00e5de nationellt och internationellt, och se till att de<br \/>\nn\u00e5r kommuner och fastighets\u00e4gare. Att hitta f\u00e4rdiga l\u00f6sningar som \u00e4r enkla att installera<br \/>\noch s\u00e4kra att anv\u00e4nda \u00e4r viktigt eftersom m\u00e5nga fastighets\u00e4gare vill satsa mer p\u00e5<br \/>\nbl\u00e5gr\u00f6nt men m\u00e5nga g\u00e5nger har l\u00e5g kunskap om vad som faktiskt finns p\u00e5 marknaden.\n<h2>\n\t\tWhy?\n\t<\/h2>\n\tEtt f\u00f6r\u00e4ndrat klimat inneb\u00e4r nya utmaningar f\u00f6r v\u00e5ra alltmer f\u00f6rt\u00e4tade st\u00e4der.<br \/>\nAnpassningar i redan byggd milj\u00f6 m\u00e5ste g\u00f6ras och vi m\u00e5ste t\u00e4nka nytt n\u00e4r vi planerar ny<br \/>\nbebyggelse. I b\u00e5da fallen \u00e4r bl\u00e5gr\u00f6n infrastruktur s\u00e5som gr\u00f6na tak, gr\u00f6na v\u00e4ggar och<br \/>\nregnb\u00e4ddar en viktig del i att g\u00f6ra staden mer resilient och minska problemen n\u00e4r skyfall<br \/>\noch v\u00e4rmeb\u00f6ljor drabbar oss. Samtidigt kan de ge vilsamma och vackra platser f\u00f6r<br \/>\ninv\u00e5narna att vistas i och bidra till biologisk m\u00e5ngfald.<br \/>\nBlue Green City Lab erbjuder sedan tidigare r\u00e5dgivning om vilken typ av l\u00f6sningar som<br \/>\npassar f\u00f6r vilket behov. I detta projekt bygger vi p\u00e5 erbjudandet med information om<br \/>\nvilka konkreta produkter och l\u00f6sningar som finns att tillg\u00e5.\n<h2>\n\t\tMaterial\n\t<\/h2>\n\tF\u00f6r dig som vill veta mer om olika typer av bl\u00e5gr\u00f6na l\u00f6sningar och deras nyttor<br \/>\n<a href=\"https:\/\/bluegreencitylab.se\/material\/\">&#8211; Broschyren Bl\u00e5gr\u00f6na l\u00f6sningar<\/a>\nF\u00f6r dig som vill veta mer om Blue Green City Lab och vad vi gjorde i det tidigare<br \/>\nprojektet<br \/>\n<a href=\"https:\/\/bluegreencitylab.se\/material\/\">&#8211; Broschyren Blue Green City Lab<\/a>\n<h2>\n\t\tPartners and financiers\n\t<\/h2>\n\t<p>We who run the project through Blue Green City Lab are:<\/p>\n\t\t\t\t<img loading=\"lazy\" decoding=\"async\" src=\"https:\/\/bluegreencitylab.se\/wp-content\/uploads\/2020\/02\/proto-300x104.png\" alt=\"proto\" itemprop=\"image\" height=\"104\" width=\"300\" title=\"proto\" onerror=\"this.style.display='none'\"  \/>\n\t\t\t\t<img loading=\"lazy\" decoding=\"async\" src=\"https:\/\/bluegreencitylab.se\/wp-content\/uploads\/vasyd_logo.png\" alt=\"vasyd_logo\" itemprop=\"image\" height=\"88\" width=\"264\" title=\"vasyd_logo\" onerror=\"this.style.display='none'\"  \/>\n\t\t\t\t<img loading=\"lazy\" decoding=\"async\" src=\"https:\/\/bluegreencitylab.se\/wp-content\/uploads\/2019\/12\/ivl.png\" alt=\"ivl\" itemprop=\"image\" height=\"124\" width=\"168\" title=\"ivl\" onerror=\"this.style.display='none'\"  \/>\n\t\t\t\t<img loading=\"lazy\" decoding=\"async\" src=\"https:\/\/bluegreencitylab.se\/wp-content\/uploads\/2019\/11\/slu_Logo_rgb-300x300.png\" alt=\"slu_Logo_rgb-300x300\" itemprop=\"image\" height=\"300\" width=\"300\" title=\"slu_Logo_rgb-300x300\" onerror=\"this.style.display='none'\"  \/>\n\t\t\t\t<img loading=\"lazy\" decoding=\"async\" src=\"https:\/\/bluegreencitylab.se\/wp-content\/uploads\/2019\/11\/SBHUB_LOGOTYPE_COLBLACK_RGB-300x97.png\" alt=\"SBHUB_LOGOTYPE_COLBLACK_RGB-300x97\" itemprop=\"image\" height=\"97\" width=\"300\" title=\"SBHUB_LOGOTYPE_COLBLACK_RGB-300x97\" onerror=\"this.style.display='none'\"  \/>\n<h3>\n\t\tProjektet finansieras delvis av Vinnova &#038; Region Sk\u00e5ne\n\t<\/h3>\n\t\t\t\t<a href=\"https:\/\/www.vinnova.se\/\" target=\"_blank\" rel=\"noopener nofollow\" itemprop=\"url\">\n\t\t\t\t<img loading=\"lazy\" decoding=\"async\" src=\"https:\/\/bluegreencitylab.se\/wp-content\/uploads\/2019\/12\/Vinnova_green_payoff_RGB.png\" alt=\"Vinnova_green_payoff_RGB\" itemprop=\"image\" height=\"130\" width=\"603\" title=\"Vinnova_green_payoff_RGB\" onerror=\"this.style.display='none'\"  \/>\n\t\t\t\t<\/a>\n\t\t\t\t<a href=\"https:\/\/www.skane.se\" target=\"_blank\" rel=\"noopener nofollow\" itemprop=\"url\">\n\t\t\t\t<img loading=\"lazy\" decoding=\"async\" src=\"https:\/\/bluegreencitylab.se\/wp-content\/uploads\/rs_webb-300x277.jpg\" alt=\"rs_webb\" itemprop=\"image\" height=\"277\" width=\"300\" title=\"rs_webb\" onerror=\"this.style.display='none'\"  \/>\n\t\t\t\t<\/a>","protected":false},"excerpt":{"rendered":"<p>Blue Green City Lab Bakgrund 2017 startade ett samarbete mellan Malm\u00f6 stad, Scandinavian Green Roof Institute, SLU, IVL Svenska Milj\u00f6institutet, MKB och Sustainable Business Hub med m\u00e5let att skapa en testb\u00e4dd f\u00f6r bl\u00e5gr\u00f6na l\u00f6sningar. Efter fem \u00e5r \u00e4r nu Blue Green City Lab ett etablerat partnerskap, med ett flertal testcase ig\u00e5ng. Tillsammans med VA SYD&hellip;<\/p>","protected":false},"author":1,"featured_media":0,"parent":0,"menu_order":0,"comment_status":"closed","ping_status":"closed","template":"","meta":{"footnotes":""},"class_list":["post-32","page","type-page","status-publish","hentry"],"_links":{"self":[{"href":"https:\/\/bgcl.greenroof.se\/en\/wp-json\/wp\/v2\/pages\/32","targetHints":{"allow":["GET"]}}],"collection":[{"href":"https:\/\/bgcl.greenroof.se\/en\/wp-json\/wp\/v2\/pages"}],"about":[{"href":"https:\/\/bgcl.greenroof.se\/en\/wp-json\/wp\/v2\/types\/page"}],"author":[{"embeddable":true,"href":"https:\/\/bgcl.greenroof.se\/en\/wp-json\/wp\/v2\/users\/1"}],"replies":[{"embeddable":true,"href":"https:\/\/bgcl.greenroof.se\/en\/wp-json\/wp\/v2\/comments?post=32"}],"version-history":[{"count":34,"href":"https:\/\/bgcl.greenroof.se\/en\/wp-json\/wp\/v2\/pages\/32\/revisions"}],"predecessor-version":[{"id":934,"href":"https:\/\/bgcl.greenroof.se\/en\/wp-json\/wp\/v2\/pages\/32\/revisions\/934"}],"wp:attachment":[{"href":"https:\/\/bgcl.greenroof.se\/en\/wp-json\/wp\/v2\/media?parent=32"}],"curies":[{"name":"wp","href":"https:\/\/api.w.org\/{rel}","templated":true}]}}